{"id":1857,"date":"2023-06-12T15:16:07","date_gmt":"2023-06-12T14:16:07","guid":{"rendered":"https:\/\/store.mb-fit.pro\/?post_type=product&#038;p=1857"},"modified":"2025-07-14T12:55:28","modified_gmt":"2025-07-14T11:55:28","slug":"chaussettes-de-sport-antiderapantes-jaune-mi-mollet-mb-fit","status":"publish","type":"product","link":"https:\/\/store.mb-fit.pro\/?product=chaussettes-de-sport-antiderapantes-jaune-mi-mollet-mb-fit","title":{"rendered":"Chaussettes de Sport Antid\u00e9rapantes (Jaune) \u2013 Mi mollet \u2013 MB FIT"},"content":{"rendered":"<h3>Obtenez le soutien et la traction dont vous avez besoin pour vos entra\u00eenements avec les chaussettes athl\u00e9tiques antid\u00e9rapantes MB FIT \u2013 Mi mollet !<\/h3>\n<p>Nos\u00a0<strong>Chaussettes Jaunes de Sport Antid\u00e9rapantes, Mi mollet<\/strong>\u00a0par\u00a0<strong>MBFIT<\/strong>\u00a0sont sp\u00e9cialement con\u00e7ues pour fournir un\u00a0<strong>maximum de confort<\/strong>\u00a0et de<strong>\u00a0soutien \u00e0 vos pieds<\/strong>, ainsi qu\u2019une\u00a0<strong>semelle antid\u00e9rapante<\/strong>\u00a0pour aider \u00e0\u00a0<strong>pr\u00e9venir les glissades<\/strong>\u00a0et\u00a0<strong>les chutes<\/strong>.<\/p>\n<p>Fabriqu\u00e9es avec des mat\u00e9riaux de haute qualit\u00e9 qui \u00e9vacuent l\u2019humidit\u00e9, nos chaussettes de sport antid\u00e9rapantes gardent vos pieds au sec et confortables, m\u00eame pendant les entra\u00eenements les plus difficiles. Elles sont \u00e9galement dot\u00e9es d\u2019un talon et d\u2019une pointe rembourr\u00e9s pour plus d\u2019amorti et de protection, ainsi que d\u2019une bande de soutien de la vo\u00fbte plantaire pour r\u00e9duire la fatigue et \u00e9viter les ampoules.<\/p>\n<p>Mais ce n\u2019est pas tout \u2013 nos chaussettes de sport antid\u00e9rapantes sont \u00e9galement \u00e9l\u00e9gantes et durables. Elles sont disponibles dans une gamme de couleurs assorties \u00e0 votre \u00e9quipement d\u2019entra\u00eenement et sont con\u00e7ues pour durer, afin que vous puissiez les porter encore et encore. De plus, elles sont de longueur moyenne, ce qui les rend adapt\u00e9es \u00e0 une vari\u00e9t\u00e9 d\u2019entra\u00eenements et de styles de chaussures.<\/p>\n<p>Alors pourquoi attendre ?<\/p>\n<h4>Obtenez le confort, le soutien et la traction dont vous avez besoin pour donner le meilleur de vous-m\u00eame avec les chaussettes antid\u00e9rapantes MB FIT.<\/h4>\n<p>Commandez les v\u00f4tres aujourd\u2019hui et faites passer vos performances athl\u00e9tiques \u00e0 de nouveaux sommets !<\/p>\n<h4><strong>En savoir plus sur nos Chaussettes jaunes de Sport Antid\u00e9rapantes \u2013\u00a0<\/strong>Mi mollet\u00a0<strong>\u2013 MB FIT<\/strong><\/h4>\n<ul>\n<li><strong>Antid\u00e9rapant<\/strong><br \/>\nLes coussinets en caoutchouc sous les chaussettes antid\u00e9rapantes MBFIT augmentera le frottement entre la semelle et les chaussettes. Ces chaussettes en nylon m\u00e9lang\u00e9 offrent un excellent confort et un excellent maintien de la vo\u00fbte plantaire et de la cheville. Les chaussettes MBFIT sont confortables et rendent vos d\u00e9placements plus s\u00fbr lors de vos exercices.<\/li>\n<li><strong>Respirant<\/strong><br \/>\nLes chaussettes antid\u00e9rapantes MB FIT utilisent un pourcentage \u00e9lev\u00e9 de coton pour garantir le maintien de la cheville, offrant ainsi un confort suppl\u00e9mentaire et un amorti des pieds. La conception en maille respirante sur le cou-de-pied permet de garder les pieds secs et respirants.<\/li>\n<li><strong>\u00c9lasticit\u00e9 \u00e9lev\u00e9e<\/strong><br \/>\nLes chaussettes MB FIT ont une grande \u00e9lasticit\u00e9 et s\u2019adaptent \u00e0 la taille de vos pieds du 37 \u00e0 46EU (5.5 \u00e0 11UK). Peu importe votre \u00e2ge, votre sexe ou votre statut sportif, ces chaussettes sont faites pour vous. Qu\u2019il s\u2019agisse de football, de course \u00e0 pied, de tennis, de randonn\u00e9e ou d\u2019autres activit\u00e9s de haute intensit\u00e9\u2026<\/li>\n<\/ul>\n","protected":false},"excerpt":{"rendered":"<p>Les\u00a0<strong>Chaussettes Jaunes de Sport Antid\u00e9rapantes \u2013 Mi mollet\u00a0<\/strong>par<strong>\u00a0MB FIT<\/strong>\u00a0r\u00e9duiront consid\u00e9rablement le frottement de vos pieds pendant votre sport et \u00e9viteront les ampoules aux pieds.<br \/>\nEn raison de sa transpiration et de sa respirabilit\u00e9 exceptionnelles, nos chaussettes assurent un grand confort pour vos pieds m\u00eame apr\u00e8s un exercice intense en plein air.<\/p>\n<p>Convient au port quotidien \u00e0 la maison et aux sports de plein air tels que la randonn\u00e9e, la course \u00e0 pied, le patinage, escalade, le camping, les voyages, le tennis et plus encore.<\/p>\n<p><strong>Couleur :\u00a0<\/strong>Jaune<strong><br \/>\nTaille unique :<\/strong>\u00a037 \u00e0 46EU (5.5 \u00e0 11UK)<br \/>\n<strong>Hauteur\/Longueur :\u00a0<\/strong>Mi mollet<br \/>\n<strong>Le produit comprend :<\/strong>\u00a01 paire de Chaussettes de Sport Antid\u00e9rapantes (Jaune) \u2013 Mi mollet \u2013 MB FIT<\/p>\n","protected":false},"featured_media":1860,"comment_status":"open","ping_status":"closed","template":"","meta":[],"product_cat":[229,234,225,226,227,233],"product_tag":[],"class_list":{"0":"post-1857","1":"product","2":"type-product","3":"status-publish","4":"has-post-thumbnail","6":"product_cat-chaussettes-pour-femmes","7":"product_cat-chaussettes-pour-hommes","8":"product_cat-sport","9":"product_cat-vetements-de-sport","10":"product_cat-vetements-pour-femmes","11":"product_cat-vetements-pour-hommes","13":"first","14":"instock","15":"shipping-taxable","16":"purchasable","17":"product-type-variable"},"_links":{"self":[{"href":"https:\/\/store.mb-fit.pro\/index.php?rest_route=\/wp\/v2\/product\/1857","targetHints":{"allow":["GET"]}}],"collection":[{"href":"https:\/\/store.mb-fit.pro\/index.php?rest_route=\/wp\/v2\/product"}],"about":[{"href":"https:\/\/store.mb-fit.pro\/index.php?rest_route=\/wp\/v2\/types\/product"}],"replies":[{"embeddable":true,"href":"https:\/\/store.mb-fit.pro\/index.php?rest_route=%2Fwp%2Fv2%2Fcomments&post=1857"}],"version-history":[{"count":1,"href":"https:\/\/store.mb-fit.pro\/index.php?rest_route=\/wp\/v2\/product\/1857\/revisions"}],"predecessor-version":[{"id":1873,"href":"https:\/\/store.mb-fit.pro\/index.php?rest_route=\/wp\/v2\/product\/1857\/revisions\/1873"}],"wp:featuredmedia":[{"embeddable":true,"href":"https:\/\/store.mb-fit.pro\/index.php?rest_route=\/wp\/v2\/media\/1860"}],"wp:attachment":[{"href":"https:\/\/store.mb-fit.pro\/index.php?rest_route=%2Fwp%2Fv2%2Fmedia&parent=1857"}],"wp:term":[{"taxonomy":"product_cat","embeddable":true,"href":"https:\/\/store.mb-fit.pro\/index.php?rest_route=%2Fwp%2Fv2%2Fproduct_cat&post=1857"},{"taxonomy":"product_tag","embeddable":true,"href":"https:\/\/store.mb-fit.pro\/index.php?rest_route=%2Fwp%2Fv2%2Fproduct_tag&post=1857"}],"curies":[{"name":"wp","href":"https:\/\/api.w.org\/{rel}","templated":true}]}}