{"id":1829,"date":"2023-06-11T17:40:44","date_gmt":"2023-06-11T16:40:44","guid":{"rendered":"https:\/\/store.mb-fit.pro\/?post_type=product&#038;p=1829"},"modified":"2025-07-31T10:36:41","modified_gmt":"2025-07-31T09:36:41","slug":"stretch-rings-elastique-dentrainement-force-2-mb-fit","status":"publish","type":"product","link":"https:\/\/store.mb-fit.pro\/?product=stretch-rings-elastique-dentrainement-force-2-mb-fit","title":{"rendered":"Stretch Rings \u2013 \u00c9lastique d\u2019entra\u00eenement FORCE 2 \u2013 MB FIT"},"content":{"rendered":"<h3>Am\u00e9liorez vos s\u00e9ances d\u2019entra\u00eenement avec les \u00c9lastiques d\u2019entra\u00eenements MB FIT !<\/h3>\n<p>Nos anneaux d\u2019\u00e9tirement et d\u2019entrainements sont un outil polyvalent et efficace qui peut vous aider \u00e0 am\u00e9liorer votre\u00a0<strong>force<\/strong>\u00a0et votre\u00a0<strong>flexibilit\u00e9<\/strong>, et \u00e0 obtenir le\u00a0<strong>corps tonique<\/strong>\u00a0et en forme que vous avez toujours voulu.<\/p>\n<p>Nos anneaux \u00e9lastiques sont fabriqu\u00e9s \u00e0 partir de mat\u00e9riaux \u00e9lastiques de haute qualit\u00e9 et sont disponibles dans une gamme de 3 forces, afin que vous puissiez trouver le niveau de r\u00e9sistance parfait pour vos s\u00e9ances d\u2019entra\u00eenement. Cet anneau \u00e9lastique particulier se situe dans la gamme de r\u00e9sistance moyenne, ce qui le rend adapt\u00e9 \u00e0 une vari\u00e9t\u00e9 d\u2019exercices et de niveaux de forme physique.<\/p>\n<p>Sa conception et ses composants innovants (\u00e9lastom\u00e8re thermoplastique TPE de haute qualit\u00e9) lui garantissent une solidit\u00e9, une durabilit\u00e9 et un confort accru. Avec le Stretch Rings MB FIT (\u00e9lastique d\u2019entra\u00eenement), vous pouvez\u00a0<strong>tonifier<\/strong>\u00a0ou\u00a0<strong>muscler<\/strong>\u00a0chaque partie de votre corps et notamment solliciter l\u2019ensemble du<strong>\u00a0bas du corps (fessiers, jambes)<\/strong>.<\/p>\n<p>Gr\u00e2ce \u00e0 sa petite taille, vous pouvez l\u2019emporter partout avec vous. Il rentre dans votre sac \u00e0 main comme dans votre sac de sport.<\/p>\n<p>Ce produit MB FIT permet un renforcement musculaire optimal. Vous pouvez emporter cet \u00e9lastique partout avec vous et l\u2019int\u00e9grer \u00e0 vos s\u00e9ances d\u2019entra\u00eenements de diff\u00e9rentes mani\u00e8res, particuli\u00e8rement les \u00e9tirements, les exercices de r\u00e9sistance, etc.<\/p>\n<h4>Obtenez la force et la flexibilit\u00e9 dont vous avez besoin pour donner le meilleur de vous-m\u00eame avec les \u00e9lastiques d\u2019entra\u00eenements (stretch rings) MB FIT \u2013 Force 2.<\/h4>\n<p>Commandez le v\u00f4tre d\u00e8s aujourd\u2019hui et commencez \u00e0 vous renforcer et \u00e0 am\u00e9liorer votre sant\u00e9 !<\/p>\n<p><strong>Fourni avec un manuel comprenant 19 mouvements.<\/strong><\/p>\n","protected":false},"excerpt":{"rendered":"<p><strong>\u00c9lastique d\u2019entra\u00eenement MB FIT \u2013 FORCE 2<\/strong>\u00a0: \u00e9lastom\u00e8re thermoplastique TPE de haute qualit\u00e9, lui garantissent une solidit\u00e9, une durabilit\u00e9 et un confort accru.<br \/>\nFourni avec un manuel comprenant 19 mouvements.<\/p>\n[table id=22 \/]\n","protected":false},"featured_media":2138,"comment_status":"open","ping_status":"closed","template":"","meta":[],"product_cat":[268,237,225],"product_tag":[],"class_list":{"0":"post-1829","1":"product","2":"type-product","3":"status-publish","4":"has-post-thumbnail","6":"product_cat-accessoires-fitness","7":"product_cat-musculation-fitness","8":"product_cat-sport","10":"first","11":"instock","12":"sale","13":"shipping-taxable","14":"purchasable","15":"product-type-simple"},"_links":{"self":[{"href":"https:\/\/store.mb-fit.pro\/index.php?rest_route=\/wp\/v2\/product\/1829","targetHints":{"allow":["GET"]}}],"collection":[{"href":"https:\/\/store.mb-fit.pro\/index.php?rest_route=\/wp\/v2\/product"}],"about":[{"href":"https:\/\/store.mb-fit.pro\/index.php?rest_route=\/wp\/v2\/types\/product"}],"replies":[{"embeddable":true,"href":"https:\/\/store.mb-fit.pro\/index.php?rest_route=%2Fwp%2Fv2%2Fcomments&post=1829"}],"version-history":[{"count":1,"href":"https:\/\/store.mb-fit.pro\/index.php?rest_route=\/wp\/v2\/product\/1829\/revisions"}],"predecessor-version":[{"id":1835,"href":"https:\/\/store.mb-fit.pro\/index.php?rest_route=\/wp\/v2\/product\/1829\/revisions\/1835"}],"wp:featuredmedia":[{"embeddable":true,"href":"https:\/\/store.mb-fit.pro\/index.php?rest_route=\/wp\/v2\/media\/2138"}],"wp:attachment":[{"href":"https:\/\/store.mb-fit.pro\/index.php?rest_route=%2Fwp%2Fv2%2Fmedia&parent=1829"}],"wp:term":[{"taxonomy":"product_cat","embeddable":true,"href":"https:\/\/store.mb-fit.pro\/index.php?rest_route=%2Fwp%2Fv2%2Fproduct_cat&post=1829"},{"taxonomy":"product_tag","embeddable":true,"href":"https:\/\/store.mb-fit.pro\/index.php?rest_route=%2Fwp%2Fv2%2Fproduct_tag&post=1829"}],"curies":[{"name":"wp","href":"https:\/\/api.w.org\/{rel}","templated":true}]}}