{"id":1823,"date":"2023-06-11T17:31:30","date_gmt":"2023-06-11T16:31:30","guid":{"rendered":"https:\/\/store.mb-fit.pro\/?post_type=product&#038;p=1823"},"modified":"2023-06-11T17:31:31","modified_gmt":"2023-06-11T16:31:31","slug":"pack-chaussettes-de-sport-courte-4-mb-fit","status":"publish","type":"product","link":"https:\/\/store.mb-fit.pro\/?product=pack-chaussettes-de-sport-courte-4-mb-fit","title":{"rendered":"Pack \u2013 Chaussettes de sport \u2013 courte *4 \u2013 MB FIT"},"content":{"rendered":"<h3>Obtenez le soutien et le confort dont vous avez besoin avec le pack de 4 chaussettes de sport courtes de MB FIT !<\/h3>\n<p>Nos chaussettes sont con\u00e7ues pour fournir un confort maximum et s\u2019accorderont avec n\u2019importe quelle tenue d\u2019entra\u00eenement, de votre tenue de bureau \u00e0 votre tenue de sport. Que vous commenciez la journ\u00e9e par une s\u00e9ance d\u2019entra\u00eenement ou que vous la terminiez par une course, nous couvrons vos pieds.<\/p>\n<p>Des mat\u00e9riaux r\u00e9sistants et durables con\u00e7us pour r\u00e9sister \u00e0 l\u2019\u00e9preuve de tout entra\u00eenement intense !<\/p>\n<p>Ces chaussettes unisexes de MB FIT sont extensibles, respirantes et utilisent des mati\u00e8res \u00e0 s\u00e9chage rapide qui sont con\u00e7ues pour absorber la sueur, apporter de la chaleur et du confort \u00e0 la peau.<br \/>\nNos produits peuvent \u00eatre utilis\u00e9s pour le fitness, la course \u00e0 pied, le football, le cyclisme, le yoga, la gymnastique, etc.<\/p>\n<p>\u2013 Zone de rembourrage sur la pointe et le talon du pied pour la protection et le confort dans les zones \u00e0 fort impact.<br \/>\n\u2013 Con\u00e7u pour la ventilation et la respirabilit\u00e9 afin de g\u00e9rer l\u2019humidit\u00e9 et d\u2019assurer le confort.<br \/>\n\u2013 Compression de la vo\u00fbte plantaire pour le soutien et la stabilit\u00e9 afin de r\u00e9duire la fatigue du pied \u2013 aide \u00e0 maintenir la chaussette en place.<\/p>\n<p><strong>Composition :<\/strong><\/p>\n<ul>\n<li>80% coton<\/li>\n<li>8% Elastique<\/li>\n<li>12% Spandex<\/li>\n<\/ul>\n<p><strong>D\u00e9partement :<\/strong><\/p>\n<ul>\n<li>Unisexe-adulte (Chaussettes pour hommes et femmes)<\/li>\n<\/ul>\n<p><strong>Recommandation :<\/strong><\/p>\n<ul>\n<li>Laver \u00e0 30-40\u00b0C<\/li>\n<li>Ne pas repasser<\/li>\n<\/ul>\n<h4>Obtenez le confort et le soutien dont vous avez besoin pour donner le meilleur de vous-m\u00eame avec le pack de 4 chaussettes de sport courtes de MB FIT.<\/h4>\n<p>Commandez les v\u00f4tres aujourd\u2019hui et faites passer vos performances sportives \u00e0 un niveau sup\u00e9rieur !<\/p>\n","protected":false},"excerpt":{"rendered":"<p>Ces\u00a0<strong>chaussettes unisexes de MB FIT<\/strong>\u00a0ont \u00e9t\u00e9 con\u00e7ues avec des mat\u00e9riaux r\u00e9sistants et durables con\u00e7us pour r\u00e9sister \u00e0 l\u2019\u00e9preuve de toute s\u00e9ance d\u2019entra\u00eenement intense. Elles \u00e9vacuent la transpiration de la peau et s\u00e8chent rapidement pour un confort optimal, tandis que la partie sup\u00e9rieure \u00e9lastique et le support de la vo\u00fbte plantaire offrent un ajustement s\u00fbr.<\/p>\n[table id=21 \/]\n","protected":false},"featured_media":1824,"comment_status":"open","ping_status":"closed","template":"","meta":[],"product_cat":[229,234,225,226,227,233],"product_tag":[],"class_list":{"0":"post-1823","1":"product","2":"type-product","3":"status-publish","4":"has-post-thumbnail","6":"product_cat-chaussettes-pour-femmes","7":"product_cat-chaussettes-pour-hommes","8":"product_cat-sport","9":"product_cat-vetements-de-sport","10":"product_cat-vetements-pour-femmes","11":"product_cat-vetements-pour-hommes","13":"first","14":"instock","15":"sale","16":"shipping-taxable","17":"purchasable","18":"product-type-simple"},"_links":{"self":[{"href":"https:\/\/store.mb-fit.pro\/index.php?rest_route=\/wp\/v2\/product\/1823","targetHints":{"allow":["GET"]}}],"collection":[{"href":"https:\/\/store.mb-fit.pro\/index.php?rest_route=\/wp\/v2\/product"}],"about":[{"href":"https:\/\/store.mb-fit.pro\/index.php?rest_route=\/wp\/v2\/types\/product"}],"replies":[{"embeddable":true,"href":"https:\/\/store.mb-fit.pro\/index.php?rest_route=%2Fwp%2Fv2%2Fcomments&post=1823"}],"version-history":[{"count":1,"href":"https:\/\/store.mb-fit.pro\/index.php?rest_route=\/wp\/v2\/product\/1823\/revisions"}],"predecessor-version":[{"id":1828,"href":"https:\/\/store.mb-fit.pro\/index.php?rest_route=\/wp\/v2\/product\/1823\/revisions\/1828"}],"wp:featuredmedia":[{"embeddable":true,"href":"https:\/\/store.mb-fit.pro\/index.php?rest_route=\/wp\/v2\/media\/1824"}],"wp:attachment":[{"href":"https:\/\/store.mb-fit.pro\/index.php?rest_route=%2Fwp%2Fv2%2Fmedia&parent=1823"}],"wp:term":[{"taxonomy":"product_cat","embeddable":true,"href":"https:\/\/store.mb-fit.pro\/index.php?rest_route=%2Fwp%2Fv2%2Fproduct_cat&post=1823"},{"taxonomy":"product_tag","embeddable":true,"href":"https:\/\/store.mb-fit.pro\/index.php?rest_route=%2Fwp%2Fv2%2Fproduct_tag&post=1823"}],"curies":[{"name":"wp","href":"https:\/\/api.w.org\/{rel}","templated":true}]}}