{"id":1768,"date":"2023-06-11T17:24:17","date_gmt":"2023-06-11T16:24:17","guid":{"rendered":"https:\/\/store.mb-fit.pro\/?post_type=product&#038;p=1768"},"modified":"2025-07-31T10:35:18","modified_gmt":"2025-07-31T09:35:18","slug":"chaussettes-de-sport-blanc-cheville-mb-fit","status":"publish","type":"product","link":"https:\/\/store.mb-fit.pro\/?product=chaussettes-de-sport-blanc-cheville-mb-fit","title":{"rendered":"Chaussettes de sport (Blanc) \u2013 Cheville \u2013 MB FIT"},"content":{"rendered":"<h3>Si vous \u00eates \u00e0 la recherche d\u2019une paire de chaussette de sport de haute qualit\u00e9, ne cherchez pas plus loin que MB FIT !<\/h3>\n<p>Nos\u00a0<strong>chaussettes de sport blanches, courtes\u00a0<\/strong>(sous la cheville\/socquette) par\u00a0<strong>MBFIT\u00a0<\/strong>sont le choix parfait pour tout athl\u00e8te \u00e0 la recherche de\u00a0<strong>confort<\/strong>, de\u00a0<strong>soutien<\/strong>\u00a0et de\u00a0<strong>style<\/strong>.<\/p>\n<p>Le m\u00e9lange parfait de mat\u00e9riaux se coordonne avec n\u2019importe quelle tenue d\u2019entra\u00eenement, de votre tenue de bureau \u00e0 votre\u00a0<strong>tenue de sport<\/strong>. Que vous commenciez la journ\u00e9e par une s\u00e9ance d\u2019entra\u00eenement ou que vous la terminiez par une course, nous couvrons vos pieds. Ces chaussettes sont con\u00e7ues pour garder vos pieds au frais et au sec, quel que soit l\u2019effort que vous fournissez. Le soutien de la vo\u00fbte plantaire et le talon et les orteils rembourr\u00e9s aident \u00e0 r\u00e9duire la fatigue et \u00e0 garder une\u00a0<strong>sensation de fra\u00eecheur<\/strong>, tandis que la conception de\u00a0<strong>longueur moyenne de la chaussette de sport<\/strong>\u00a0fournit juste la bonne quantit\u00e9 de couverture pour une vari\u00e9t\u00e9 de\u00a0<strong>sports<\/strong>\u00a0et\u00a0<strong>d\u2019activit\u00e9s<\/strong>.<\/p>\n<p><strong>Les mat\u00e9riaux de r\u00e9sistance durable sont con\u00e7us pour r\u00e9sister \u00e0 l\u2019\u00e9preuve de toute s\u00e9ance d\u2019entra\u00eenement intense !<\/strong><\/p>\n<p>Ces chaussettes unisexes de MB FIT sont extensibles, respirantes et utilisent des tissus \u00e0 s\u00e9chage rapide qui sont con\u00e7us pour absorber la sueur, fournir de la chaleur et du confort \u00e0 la peau.<\/p>\n<p>Ces chaussettes unisexes de MB FIT sont extensibles, respirantes et utilisent des tissus \u00e0 s\u00e9chage rapide qui sont con\u00e7us pour absorber la sueur, fournir de la chaleur et du confort \u00e0 la peau.<br \/>\nNos produits peuvent \u00eatre utilis\u00e9s pour le fitness, la course \u00e0 pied, le football, le cyclisme, le yoga, la gymnastique, etc.<\/p>\n<p>\u2013 Zone de rembourrage sur la pointe et le talon du pied pour la protection et le confort dans les zones \u00e0 fort impact.<br \/>\n\u2013 Con\u00e7u pour la ventilation et la respirabilit\u00e9 afin de g\u00e9rer l\u2019humidit\u00e9 et d\u2019assurer le confort.<br \/>\n\u2013 Compression de la vo\u00fbte plantaire pour le soutien et la stabilit\u00e9 afin de r\u00e9duire la fatigue du pied \u2013 aide \u00e0 maintenir la chaussette en place.<\/p>\n<p>Mais ce n\u2019est pas seulement une question de fonctionnalit\u00e9 \u2013 nos chaussettes de sport blanches sont \u00e9galement \u00e9l\u00e9gantes, avec un design \u00e9pur\u00e9 qui s\u2019accorde parfaitement avec n\u2019importe quelle tenue d\u2019entra\u00eenement. De plus, elles sont disponibles en plusieurs tailles pour vous assurer une tenue parfaite.<\/p>\n<p><strong>Composition :<\/strong><\/p>\n<ul>\n<li>80% coton<\/li>\n<li>8% Elastique<\/li>\n<li>12% Spandex<\/li>\n<\/ul>\n<p><strong>D\u00e9partement :<\/strong><\/p>\n<ul>\n<li>Unisexe-adulte (Chaussettes pour hommes et femmes)<\/li>\n<\/ul>\n<p><strong>Recommandation :<\/strong><\/p>\n<ul>\n<li>Laver \u00e0 30-40\u00b0C<\/li>\n<li>Ne pas repasser<\/li>\n<\/ul>\n<p>Alors pourquoi se contenter de chaussettes m\u00e9diocres ?<\/p>\n<h4>Passez \u00e0 MB FIT et faites passer vos performances athl\u00e9tiques au niveau sup\u00e9rieur !<\/h4>\n<p>&nbsp;<\/p>\n","protected":false},"excerpt":{"rendered":"<p>Ces\u00a0<strong>chaussettes de sport blanches unisexes de longueur moyenne\u00a0<\/strong>(mi-mollet) de\u00a0<strong>MB FIT<\/strong>\u00a0ont \u00e9t\u00e9 con\u00e7ues avec des mat\u00e9riaux r\u00e9sistants et durables con\u00e7us pour r\u00e9sister \u00e0 l\u2019\u00e9preuve de toute\u00a0<strong>s\u00e9ance d\u2019entra\u00eenement intense<\/strong>. Elles\u00a0<strong>\u00e9vacuent la transpiration<\/strong>\u00a0de la peau et\u00a0<strong>s\u00e8chent rapidement<\/strong>\u00a0pour un\u00a0<strong>confort optimal<\/strong>, tandis que la partie sup\u00e9rieure \u00e9lastique et le support de la vo\u00fbte plantaire offrent un ajustement s\u00fbr.<\/p>\n<p><strong>Couleur :<\/strong>\u00a0Blanche<br \/>\n<strong>Hauteur\/Longueur : Cheville\u00a0<\/strong>\/ socquette<br \/>\n<strong>Produit compris :<\/strong>\u00a01 Paire de Chaussette de sport (Blanche) \u2013 Cheville<\/p>\n[table id=20 \/]\n","protected":false},"featured_media":1771,"comment_status":"open","ping_status":"closed","template":"","meta":[],"product_cat":[229,234,225,226,227,233],"product_tag":[],"class_list":{"0":"post-1768","1":"product","2":"type-product","3":"status-publish","4":"has-post-thumbnail","6":"product_cat-chaussettes-pour-femmes","7":"product_cat-chaussettes-pour-hommes","8":"product_cat-sport","9":"product_cat-vetements-de-sport","10":"product_cat-vetements-pour-femmes","11":"product_cat-vetements-pour-hommes","13":"first","14":"instock","15":"shipping-taxable","16":"purchasable","17":"product-type-variable"},"_links":{"self":[{"href":"https:\/\/store.mb-fit.pro\/index.php?rest_route=\/wp\/v2\/product\/1768","targetHints":{"allow":["GET"]}}],"collection":[{"href":"https:\/\/store.mb-fit.pro\/index.php?rest_route=\/wp\/v2\/product"}],"about":[{"href":"https:\/\/store.mb-fit.pro\/index.php?rest_route=\/wp\/v2\/types\/product"}],"replies":[{"embeddable":true,"href":"https:\/\/store.mb-fit.pro\/index.php?rest_route=%2Fwp%2Fv2%2Fcomments&post=1768"}],"version-history":[{"count":1,"href":"https:\/\/store.mb-fit.pro\/index.php?rest_route=\/wp\/v2\/product\/1768\/revisions"}],"predecessor-version":[{"id":1821,"href":"https:\/\/store.mb-fit.pro\/index.php?rest_route=\/wp\/v2\/product\/1768\/revisions\/1821"}],"wp:featuredmedia":[{"embeddable":true,"href":"https:\/\/store.mb-fit.pro\/index.php?rest_route=\/wp\/v2\/media\/1771"}],"wp:attachment":[{"href":"https:\/\/store.mb-fit.pro\/index.php?rest_route=%2Fwp%2Fv2%2Fmedia&parent=1768"}],"wp:term":[{"taxonomy":"product_cat","embeddable":true,"href":"https:\/\/store.mb-fit.pro\/index.php?rest_route=%2Fwp%2Fv2%2Fproduct_cat&post=1768"},{"taxonomy":"product_tag","embeddable":true,"href":"https:\/\/store.mb-fit.pro\/index.php?rest_route=%2Fwp%2Fv2%2Fproduct_tag&post=1768"}],"curies":[{"name":"wp","href":"https:\/\/api.w.org\/{rel}","templated":true}]}}