{"id":1667,"date":"2023-06-11T14:21:54","date_gmt":"2023-06-11T13:21:54","guid":{"rendered":"https:\/\/store.mb-fit.pro\/?post_type=product&#038;p=1667"},"modified":"2025-07-16T13:09:36","modified_gmt":"2025-07-16T12:09:36","slug":"bande-kinesiologique-noir-mb-tape","status":"publish","type":"product","link":"https:\/\/store.mb-fit.pro\/?product=bande-kinesiologique-noir-mb-tape","title":{"rendered":"Bande kin\u00e9siologique (Noir) \u2013 MB Tape"},"content":{"rendered":"<h3>Vous souffrez de douleurs musculaires ou de blessures ?<\/h3>\n<p>La<strong>\u00a0bande kin\u00e9siologique noire de MB Tape<\/strong>\u00a0est l\u00e0 pour vous aider ! Notre bande est con\u00e7ue pour soutenir et soulager les muscles et les articulations, pour vous aider \u00e0 vous sentir mieux et \u00e0 reprendre vos activit\u00e9s.<\/p>\n<p>Fabriqu\u00e9e avec un coton \u00e9lastique de haute qualit\u00e9, la bande kin\u00e9siologique MB Tape est confortable \u00e0 porter et douce pour la peau. Elle est \u00e9galement r\u00e9sistante \u00e0 l\u2019eau et peut rester en place jusqu\u2019\u00e0 3 jours, ce qui la rend parfaite pour une utilisation pendant les entra\u00eenements, les sports ou les activit\u00e9s quotidiennes.<\/p>\n<p>Mais ce n\u2019est pas tout : notre bande kin\u00e9siologique est \u00e9galement facile \u00e0 appliquer. Vous pouvez facilement appliquer la bande sur la zone affect\u00e9e et obtenir le soutien dont vous avez besoin.<\/p>\n<p><strong>Alors pourquoi attendre ?<\/strong><\/p>\n<h4>Obtenez le soulagement et le soutien que vous m\u00e9ritez avec la bande kin\u00e9siologique noire de MB Tape.<\/h4>\n<h3>\u00c0 quoi sert les bandes MB Tape ?<\/h3>\n<ul>\n<li>Traiter les blessures<\/li>\n<li>Soutenir les zones faibles<\/li>\n<li>D\u00e9tendre les muscles<\/li>\n<li>R\u00e9\u00e9duquer les muscles<\/li>\n<li>Am\u00e9liorer les performances<\/li>\n<li>Gestion des cicatrices<\/li>\n<li>Optimiser les performances<\/li>\n<\/ul>\n<p>Le Kinesio Taping est une technique de\u00a0<strong>taping th\u00e9rapeutique<\/strong>\u00a0qui r\u00e9duit la douleur et favorise le drainage lymphatique en soulevant la peau au niveau microscopique. Cet effet de soul\u00e8vement cr\u00e9\u00e9 des plis dans la peau, augmentant l\u2019espace interstitiel et r\u00e9duisant l\u2019inflammation dans la zone affect\u00e9e.<\/p>\n","protected":false},"excerpt":{"rendered":"<p><strong>La bande kin\u00e9siologique MB Tape<\/strong>\u00a0est fine et flexible. Elle vous aidera \u00e0 soulager la douleur, \u00e0 r\u00e9duire l\u2019inflammation et \u00e0 soutenir les articulations et les muscles.<\/p>\n<p><strong>Couleur :<\/strong>\u00a0Tape Noir<br \/>\n<strong>Produit compris\u00a0<\/strong>: 1 Bande kin\u00e9siologique (Noir) \u2013 MB Tape<\/p>\n","protected":false},"featured_media":1668,"comment_status":"open","ping_status":"closed","template":"","meta":[],"product_cat":[268,237,225],"product_tag":[],"class_list":{"0":"post-1667","1":"product","2":"type-product","3":"status-publish","4":"has-post-thumbnail","6":"product_cat-accessoires-fitness","7":"product_cat-musculation-fitness","8":"product_cat-sport","10":"first","11":"instock","12":"shipping-taxable","13":"purchasable","14":"product-type-variable"},"_links":{"self":[{"href":"https:\/\/store.mb-fit.pro\/index.php?rest_route=\/wp\/v2\/product\/1667","targetHints":{"allow":["GET"]}}],"collection":[{"href":"https:\/\/store.mb-fit.pro\/index.php?rest_route=\/wp\/v2\/product"}],"about":[{"href":"https:\/\/store.mb-fit.pro\/index.php?rest_route=\/wp\/v2\/types\/product"}],"replies":[{"embeddable":true,"href":"https:\/\/store.mb-fit.pro\/index.php?rest_route=%2Fwp%2Fv2%2Fcomments&post=1667"}],"version-history":[{"count":1,"href":"https:\/\/store.mb-fit.pro\/index.php?rest_route=\/wp\/v2\/product\/1667\/revisions"}],"predecessor-version":[{"id":1674,"href":"https:\/\/store.mb-fit.pro\/index.php?rest_route=\/wp\/v2\/product\/1667\/revisions\/1674"}],"wp:featuredmedia":[{"embeddable":true,"href":"https:\/\/store.mb-fit.pro\/index.php?rest_route=\/wp\/v2\/media\/1668"}],"wp:attachment":[{"href":"https:\/\/store.mb-fit.pro\/index.php?rest_route=%2Fwp%2Fv2%2Fmedia&parent=1667"}],"wp:term":[{"taxonomy":"product_cat","embeddable":true,"href":"https:\/\/store.mb-fit.pro\/index.php?rest_route=%2Fwp%2Fv2%2Fproduct_cat&post=1667"},{"taxonomy":"product_tag","embeddable":true,"href":"https:\/\/store.mb-fit.pro\/index.php?rest_route=%2Fwp%2Fv2%2Fproduct_tag&post=1667"}],"curies":[{"name":"wp","href":"https:\/\/api.w.org\/{rel}","templated":true}]}}