{"id":1664,"date":"2023-06-10T12:37:05","date_gmt":"2023-06-10T11:37:05","guid":{"rendered":"https:\/\/store.mb-fit.pro\/?post_type=product&#038;p=1664"},"modified":"2025-01-21T05:25:29","modified_gmt":"2025-01-21T05:25:29","slug":"gants-de-fitness-mitaines-musculation-mb-fit","status":"publish","type":"product","link":"https:\/\/store.mb-fit.pro\/?product=gants-de-fitness-mitaines-musculation-mb-fit","title":{"rendered":"Gants de fitness Mitaines \u2013 Musculation \u2013 MB FIT"},"content":{"rendered":"<h3>Faites \u00e9voluer vos entra\u00eenements avec les gants de fitness MB FIT !<\/h3>\n<p>Nos\u00a0<strong>gants MB FIT<\/strong>\u00a0sont sp\u00e9cialement con\u00e7us pour fournir un soutien et une\u00a0<strong>protection \u00e0 vos mains<\/strong>\u00a0pendant\u00a0<strong>l\u2019halt\u00e9rophilie<\/strong>, la\u00a0<strong>musculation<\/strong>\u00a0et d\u2019autres entra\u00eenements de haute intensit\u00e9.<\/p>\n<p>Fabriqu\u00e9s avec des mat\u00e9riaux respirants de haute qualit\u00e9, nos gants de fitness sont confortables \u00e0 porter et aident \u00e0 garder vos mains fra\u00eeches et s\u00e8ches, m\u00eame pendant les entra\u00eenements les plus durs. Ils sont \u00e9galement dot\u00e9s d\u2019une paume rembourr\u00e9e pour plus d\u2019amorti et de protection, ainsi que d\u2019un ajustement s\u00fbr pour \u00e9viter tout glissement.<\/p>\n<h4>Obtenez le soutien et la protection dont vous avez besoin pour donner le meilleur de vous-m\u00eame avec les gants de fitness MB FIT.<\/h4>\n","protected":false},"excerpt":{"rendered":"<p><strong>Gants de fitness MB FIT<\/strong>\u00a0pratiques pour aller \u00e0 la salle de sport et prot\u00e9ger vos mains.<\/p>\n<p>Ces gants existent en deux tailles : S, M.<\/p>\n","protected":false},"featured_media":1665,"comment_status":"open","ping_status":"closed","template":"","meta":[],"product_cat":[268,237,225],"product_tag":[],"class_list":{"0":"post-1664","1":"product","2":"type-product","3":"status-publish","4":"has-post-thumbnail","6":"product_cat-accessoires-fitness","7":"product_cat-musculation-fitness","8":"product_cat-sport","10":"first","11":"instock","12":"sale","13":"shipping-taxable","14":"purchasable","15":"product-type-simple"},"_links":{"self":[{"href":"https:\/\/store.mb-fit.pro\/index.php?rest_route=\/wp\/v2\/product\/1664","targetHints":{"allow":["GET"]}}],"collection":[{"href":"https:\/\/store.mb-fit.pro\/index.php?rest_route=\/wp\/v2\/product"}],"about":[{"href":"https:\/\/store.mb-fit.pro\/index.php?rest_route=\/wp\/v2\/types\/product"}],"replies":[{"embeddable":true,"href":"https:\/\/store.mb-fit.pro\/index.php?rest_route=%2Fwp%2Fv2%2Fcomments&post=1664"}],"version-history":[{"count":1,"href":"https:\/\/store.mb-fit.pro\/index.php?rest_route=\/wp\/v2\/product\/1664\/revisions"}],"predecessor-version":[{"id":1666,"href":"https:\/\/store.mb-fit.pro\/index.php?rest_route=\/wp\/v2\/product\/1664\/revisions\/1666"}],"wp:featuredmedia":[{"embeddable":true,"href":"https:\/\/store.mb-fit.pro\/index.php?rest_route=\/wp\/v2\/media\/1665"}],"wp:attachment":[{"href":"https:\/\/store.mb-fit.pro\/index.php?rest_route=%2Fwp%2Fv2%2Fmedia&parent=1664"}],"wp:term":[{"taxonomy":"product_cat","embeddable":true,"href":"https:\/\/store.mb-fit.pro\/index.php?rest_route=%2Fwp%2Fv2%2Fproduct_cat&post=1664"},{"taxonomy":"product_tag","embeddable":true,"href":"https:\/\/store.mb-fit.pro\/index.php?rest_route=%2Fwp%2Fv2%2Fproduct_tag&post=1664"}],"curies":[{"name":"wp","href":"https:\/\/api.w.org\/{rel}","templated":true}]}}