{"id":1656,"date":"2023-06-10T12:27:25","date_gmt":"2023-06-10T11:27:25","guid":{"rendered":"https:\/\/store.mb-fit.pro\/?post_type=product&#038;p=1656"},"modified":"2023-06-10T12:27:25","modified_gmt":"2023-06-10T11:27:25","slug":"elastique-glute-band-mb-fit","status":"publish","type":"product","link":"https:\/\/store.mb-fit.pro\/?product=elastique-glute-band-mb-fit","title":{"rendered":"\u00c9lastique Glute Band \u2013 MB FIT"},"content":{"rendered":"<p>Les Glute bands (fessiers et cuisses) sont de petites bandes \u00e9lastiques que l\u2019on place (g\u00e9n\u00e9ralement) au niveau de la mi-cuisse pour effectuer divers exercices du bas du corps. Ainsi, que vous soyez novice en musculation ou que vous en fassiez depuis un certain temps, les bandes de r\u00e9sistances pour fessiers sont parfaites pour vos entra\u00eenements du bas du corps. L\u2019utilisation de ces bandes r\u00e9pond \u00e0 diff\u00e9rents profils d\u2019objectifs :<\/p>\n<ul>\n<li>Tonifier et sculpter les fessiers<\/li>\n<li>Intensifier vos s\u00e9ances d\u2019entra\u00eenement<\/li>\n<\/ul>\n<p>PR\u00c9CAUTIONS D\u2019EMPLOI<br \/>\nPlacez toujours la bande \u00e0 plat sur le bras ou la jambe, afin que la pression de la bande soit uniform\u00e9ment r\u00e9partie sur la peau.<br \/>\nPour les exercices couch\u00e9s, utilisez un tapis de yoga.<br \/>\nVeillez \u00e0 porter des v\u00eatements et des chaussures de sport appropri\u00e9s, comme des baskets ou des chaussures de sport.<\/p>\n","protected":false},"excerpt":{"rendered":"<p>\u00c9lastiques de musculation robustes pour vos s\u00e9ances de bas du corps (fessiers et cuisses).<\/p>\n<p>\u2013 Un lot de 3 bandes de r\u00e9sistance<br \/>\n\u2013 1x r\u00e9sistance \u00e9lev\u00e9e, 1x r\u00e9sistance moyenne, 1x r\u00e9sistance faible<br \/>\n\u2013 Bandes en tissu de haute qualit\u00e9<br \/>\n\u2013 Structure r\u00e9sistante et l\u00e9g\u00e8re<br \/>\n\u2013 Attache adh\u00e9sive en silicone antid\u00e9rapant<br \/>\n\u2013 \u00c9tiquette logo en caoutchouc<\/p>\n[table id=11 \/]\n","protected":false},"featured_media":1660,"comment_status":"open","ping_status":"closed","template":"","meta":[],"product_cat":[268,237,225],"product_tag":[],"class_list":{"0":"post-1656","1":"product","2":"type-product","3":"status-publish","4":"has-post-thumbnail","6":"product_cat-accessoires-fitness","7":"product_cat-musculation-fitness","8":"product_cat-sport","10":"first","11":"instock","12":"sale","13":"shipping-taxable","14":"purchasable","15":"product-type-simple"},"_links":{"self":[{"href":"https:\/\/store.mb-fit.pro\/index.php?rest_route=\/wp\/v2\/product\/1656","targetHints":{"allow":["GET"]}}],"collection":[{"href":"https:\/\/store.mb-fit.pro\/index.php?rest_route=\/wp\/v2\/product"}],"about":[{"href":"https:\/\/store.mb-fit.pro\/index.php?rest_route=\/wp\/v2\/types\/product"}],"replies":[{"embeddable":true,"href":"https:\/\/store.mb-fit.pro\/index.php?rest_route=%2Fwp%2Fv2%2Fcomments&post=1656"}],"version-history":[{"count":1,"href":"https:\/\/store.mb-fit.pro\/index.php?rest_route=\/wp\/v2\/product\/1656\/revisions"}],"predecessor-version":[{"id":1663,"href":"https:\/\/store.mb-fit.pro\/index.php?rest_route=\/wp\/v2\/product\/1656\/revisions\/1663"}],"wp:featuredmedia":[{"embeddable":true,"href":"https:\/\/store.mb-fit.pro\/index.php?rest_route=\/wp\/v2\/media\/1660"}],"wp:attachment":[{"href":"https:\/\/store.mb-fit.pro\/index.php?rest_route=%2Fwp%2Fv2%2Fmedia&parent=1656"}],"wp:term":[{"taxonomy":"product_cat","embeddable":true,"href":"https:\/\/store.mb-fit.pro\/index.php?rest_route=%2Fwp%2Fv2%2Fproduct_cat&post=1656"},{"taxonomy":"product_tag","embeddable":true,"href":"https:\/\/store.mb-fit.pro\/index.php?rest_route=%2Fwp%2Fv2%2Fproduct_tag&post=1656"}],"curies":[{"name":"wp","href":"https:\/\/api.w.org\/{rel}","templated":true}]}}