{"id":1649,"date":"2023-06-10T12:22:45","date_gmt":"2023-06-10T11:22:45","guid":{"rendered":"https:\/\/store.mb-fit.pro\/?post_type=product&#038;p=1649"},"modified":"2023-06-10T12:22:45","modified_gmt":"2023-06-10T11:22:45","slug":"stretch-rings-lower-elastique-dentrainement-mb-fit","status":"publish","type":"product","link":"https:\/\/store.mb-fit.pro\/?product=stretch-rings-lower-elastique-dentrainement-mb-fit","title":{"rendered":"Stretch Rings Lower \u2013 \u00c9lastique d\u2019entra\u00eenement \u2013 MB FIT"},"content":{"rendered":"<h3>Am\u00e9liorez vos s\u00e9ances d\u2019entra\u00eenement avec les \u00c9lastiques d\u2019entra\u00eenements MB FIT \u2013 Stretch Rings Lower !<\/h3>\n<p>Nos anneaux d\u2019\u00e9tirement et d\u2019entrainements sont un outil polyvalent et efficace qui peut vous aider \u00e0 am\u00e9liorer votre\u00a0<strong>force<\/strong>\u00a0et votre\u00a0<strong>flexibilit\u00e9<\/strong>, et \u00e0 obtenir le\u00a0<strong>corps tonique<\/strong>\u00a0et en forme que vous avez toujours voulu.<\/p>\n<p>Sa conception et ses composants innovants (\u00e9lastom\u00e8re thermoplastique TPE de haute qualit\u00e9) lui garantissent une solidit\u00e9, une durabilit\u00e9 et un confort accru. Avec le Stretch Rings MB FIT (\u00e9lastique d\u2019entra\u00eenement), vous pouvez\u00a0<strong>tonifier<\/strong>\u00a0ou\u00a0<strong>muscler<\/strong>\u00a0chaque partie de votre corps et notamment solliciter l\u2019ensemble du<strong>\u00a0bas du corps (fessiers, jambes)<\/strong>.<\/p>\n<p>Gr\u00e2ce \u00e0 sa petite taille, vous pouvez l\u2019emporter partout avec vous. Il rentre dans votre sac \u00e0 main comme dans votre sac de sport.<\/p>\n<p>Ce produit MB FIT permet un renforcement musculaire optimal. Vous pouvez emporter cet \u00e9lastique partout avec vous et l\u2019int\u00e9grer \u00e0 vos s\u00e9ances d\u2019entra\u00eenements de diff\u00e9rentes mani\u00e8res, particuli\u00e8rement les \u00e9tirements, les exercices de r\u00e9sistance, etc.<\/p>\n<h4>Obtenez la force et la flexibilit\u00e9 dont vous avez besoin pour donner le meilleur de vous-m\u00eame avec les \u00e9lastiques d\u2019entra\u00eenements (stretch rings) MB FIT \u2013 Stretch Rings Lower.<\/h4>\n<p>Commandez le v\u00f4tre d\u00e8s aujourd\u2019hui et commencez \u00e0 vous renforcer et \u00e0 am\u00e9liorer votre sant\u00e9 !<\/p>\n","protected":false},"excerpt":{"rendered":"<p><strong>\u00c9lastique d\u2019entra\u00eenement MB FIT<\/strong>\u00a0<strong>Stretch Rings Lower<\/strong>: \u00c9lastom\u00e8re thermoplastique TPE de haute qualit\u00e9, garantissant r\u00e9sistance, durabilit\u00e9 et confort.<\/p>\n[table id=9 \/]\n","protected":false},"featured_media":1652,"comment_status":"open","ping_status":"closed","template":"","meta":[],"product_cat":[237],"product_tag":[],"class_list":{"0":"post-1649","1":"product","2":"type-product","3":"status-publish","4":"has-post-thumbnail","6":"product_cat-musculation-fitness","8":"first","9":"instock","10":"sale","11":"shipping-taxable","12":"purchasable","13":"product-type-simple"},"_links":{"self":[{"href":"https:\/\/store.mb-fit.pro\/index.php?rest_route=\/wp\/v2\/product\/1649","targetHints":{"allow":["GET"]}}],"collection":[{"href":"https:\/\/store.mb-fit.pro\/index.php?rest_route=\/wp\/v2\/product"}],"about":[{"href":"https:\/\/store.mb-fit.pro\/index.php?rest_route=\/wp\/v2\/types\/product"}],"replies":[{"embeddable":true,"href":"https:\/\/store.mb-fit.pro\/index.php?rest_route=%2Fwp%2Fv2%2Fcomments&post=1649"}],"version-history":[{"count":1,"href":"https:\/\/store.mb-fit.pro\/index.php?rest_route=\/wp\/v2\/product\/1649\/revisions"}],"predecessor-version":[{"id":1655,"href":"https:\/\/store.mb-fit.pro\/index.php?rest_route=\/wp\/v2\/product\/1649\/revisions\/1655"}],"wp:featuredmedia":[{"embeddable":true,"href":"https:\/\/store.mb-fit.pro\/index.php?rest_route=\/wp\/v2\/media\/1652"}],"wp:attachment":[{"href":"https:\/\/store.mb-fit.pro\/index.php?rest_route=%2Fwp%2Fv2%2Fmedia&parent=1649"}],"wp:term":[{"taxonomy":"product_cat","embeddable":true,"href":"https:\/\/store.mb-fit.pro\/index.php?rest_route=%2Fwp%2Fv2%2Fproduct_cat&post=1649"},{"taxonomy":"product_tag","embeddable":true,"href":"https:\/\/store.mb-fit.pro\/index.php?rest_route=%2Fwp%2Fv2%2Fproduct_tag&post=1649"}],"curies":[{"name":"wp","href":"https:\/\/api.w.org\/{rel}","templated":true}]}}