{"id":1638,"date":"2023-06-10T12:17:27","date_gmt":"2023-06-10T11:17:27","guid":{"rendered":"https:\/\/store.mb-fit.pro\/?post_type=product&#038;p=1638"},"modified":"2023-06-10T12:18:44","modified_gmt":"2023-06-10T11:18:44","slug":"shaker-de-proteine-blanc-blender-bottle-600-ml-mb-nutrition","status":"publish","type":"product","link":"https:\/\/store.mb-fit.pro\/?product=shaker-de-proteine-blanc-blender-bottle-600-ml-mb-nutrition","title":{"rendered":"Shaker de prot\u00e9ine (Blanc) \u2013 Blender Bottle 600 ml \u2013 MB Nutrition"},"content":{"rendered":"<h3>\u00cates-vous fatigu\u00e9 des shakers prot\u00e9in\u00e9s qui ne se m\u00e9langent pas bien ?<\/h3>\n<p>Ne cherchez pas plus loin que le\u00a0<strong>shaker de prot\u00e9ine 600ml blanc, Blender Bottle de MB Nutrition<\/strong>\u00a0! Notre shaker est con\u00e7u avec\u00a0<strong>une boule de m\u00e9lange<\/strong>\u00a0qui\u00a0<strong>m\u00e9lange sans effort votre poudre de prot\u00e9ine, compl\u00e9ments alimentaires<\/strong>\u00a0et d\u2019autres ingr\u00e9dients, assurant un\u00a0<strong>shaker onctueux et d\u00e9licieux<\/strong>\u00a0\u00e0 chaque fois.<\/p>\n<p>Notre shaker est \u00e9galement fabriqu\u00e9 avec du plastique de haute qualit\u00e9, sans BPA, qui est durable et s\u00fbr pour une utilisation quotidienne. Il est dot\u00e9 d\u2019une conception \u00e9tanche, ce qui vous permet de l\u2019emmener partout sans d\u00e9g\u00e2ts. De plus, avec une capacit\u00e9 de 600 ml, vous pouvez pr\u00e9parer une portion g\u00e9n\u00e9reuse de votre shaker prot\u00e9in\u00e9 pr\u00e9f\u00e9r\u00e9 et rester aliment\u00e9 tout au long de la journ\u00e9e. \u00c0 l\u2019aide de son couvercle vissable s\u00e9curis\u00e9, cela le rend facile \u00e0 emporter avec vous \u00e0 la salle de sport, au bureau, ou partout o\u00f9 votre journ\u00e9e charg\u00e9e vous m\u00e8ne.<\/p>\n<p>Le Shaker propos\u00e9 par la gamme MB Nutrition est la solution multifonctionnelle des sportifs : herm\u00e9tique, extensible et incroyablement performant.<\/p>\n<ul class=\"a-unordered-list a-vertical a-spacing-mini\">\n<li><span class=\"a-list-item\">La Blender Ball s\u2019agite dans la bouteille et donne une consistance lisse et l\u00e9g\u00e8re aux ingr\u00e9dients les plus coriaces.<\/span><\/li>\n<li><span class=\"a-list-item\"><strong>Parfait pour<\/strong>\u00a0: Les compl\u00e9ments alimentaires sant\u00e9 et fitness, Boissons prot\u00e9in\u00e9es, Repas liquides, Boissons substituts de repas, Poudres riches en fibres alimentaires.<\/span><\/li>\n<\/ul>\n<h4>Alors pourquoi attendre ? Commencez \u00e0 profiter des shakers prot\u00e9in\u00e9s parfaitement m\u00e9lang\u00e9s avec le shaker \u00e0 prot\u00e9ines de MB Nutrition. Commandez le v\u00f4tre d\u00e8s aujourd\u2019hui !<\/h4>\n","protected":false},"excerpt":{"rendered":"<p><strong>Shaker de prot\u00e9ine de MB Nutrition<\/strong>\u00a0: herm\u00e9tique, extensible et incroyablement performant munie d\u2019une Blender Ball id\u00e9ale pour\u00a0<span class=\"a-list-item\">une consistance lisse et l\u00e9g\u00e8re de vos compl\u00e9ments alimentaires.<\/span><\/p>\n<p><strong>Couleur<\/strong>\u00a0: Shaker Blanc<br \/>\n<strong>Contenance<\/strong>\u00a0: 600ml<br \/>\n<strong>Produit compris\u00a0<\/strong>: 1 Shaker de prot\u00e9ine (Blanc) \u2013 Blender Bottle 600 ml \u2013 MB Nutrition<\/p>\n[table id=8 \/]\n","protected":false},"featured_media":1641,"comment_status":"open","ping_status":"closed","template":"","meta":[],"product_cat":[268,237],"product_tag":[],"class_list":{"0":"post-1638","1":"product","2":"type-product","3":"status-publish","4":"has-post-thumbnail","6":"product_cat-accessoires-fitness","7":"product_cat-musculation-fitness","9":"first","10":"instock","11":"shipping-taxable","12":"purchasable","13":"product-type-variable"},"_links":{"self":[{"href":"https:\/\/store.mb-fit.pro\/index.php?rest_route=\/wp\/v2\/product\/1638","targetHints":{"allow":["GET"]}}],"collection":[{"href":"https:\/\/store.mb-fit.pro\/index.php?rest_route=\/wp\/v2\/product"}],"about":[{"href":"https:\/\/store.mb-fit.pro\/index.php?rest_route=\/wp\/v2\/types\/product"}],"replies":[{"embeddable":true,"href":"https:\/\/store.mb-fit.pro\/index.php?rest_route=%2Fwp%2Fv2%2Fcomments&post=1638"}],"version-history":[{"count":1,"href":"https:\/\/store.mb-fit.pro\/index.php?rest_route=\/wp\/v2\/product\/1638\/revisions"}],"predecessor-version":[{"id":1648,"href":"https:\/\/store.mb-fit.pro\/index.php?rest_route=\/wp\/v2\/product\/1638\/revisions\/1648"}],"wp:featuredmedia":[{"embeddable":true,"href":"https:\/\/store.mb-fit.pro\/index.php?rest_route=\/wp\/v2\/media\/1641"}],"wp:attachment":[{"href":"https:\/\/store.mb-fit.pro\/index.php?rest_route=%2Fwp%2Fv2%2Fmedia&parent=1638"}],"wp:term":[{"taxonomy":"product_cat","embeddable":true,"href":"https:\/\/store.mb-fit.pro\/index.php?rest_route=%2Fwp%2Fv2%2Fproduct_cat&post=1638"},{"taxonomy":"product_tag","embeddable":true,"href":"https:\/\/store.mb-fit.pro\/index.php?rest_route=%2Fwp%2Fv2%2Fproduct_tag&post=1638"}],"curies":[{"name":"wp","href":"https:\/\/api.w.org\/{rel}","templated":true}]}}