{"id":1616,"date":"2023-06-09T22:56:10","date_gmt":"2023-06-09T21:56:10","guid":{"rendered":"https:\/\/store.mb-fit.pro\/?post_type=product&#038;p=1616"},"modified":"2025-05-22T13:37:01","modified_gmt":"2025-05-22T12:37:01","slug":"gants-de-boxe","status":"publish","type":"product","link":"https:\/\/store.mb-fit.pro\/?product=gants-de-boxe","title":{"rendered":"Gants de boxe"},"content":{"rendered":"<h3>Vous \u00eates \u00e0 la recherche d\u2019une paire de gants de boxe de haute qualit\u00e9 qui vous permettra de vous entra\u00eener plus efficacement ? Ne cherchez pas plus loin que les gants de boxe Elite 8oZ de MB FIT !<\/h3>\n<p>Nos gants sont con\u00e7us pour distribuer la force uniform\u00e9ment sur la surface des gants, ce qui aide \u00e0 r\u00e9duire l\u2019impact sur les mains et les poignets.<\/p>\n<p>Ces gants sont parfaits pour les d\u00e9butants et les boxeurs professionnels, avec une coupe ajust\u00e9e qui permet une gamme compl\u00e8te de mouvements et une meilleure dext\u00e9rit\u00e9. Les gants sont \u00e9galement faciles \u00e0 nettoyer et \u00e0 entretenir, ce qui leur assure une longue dur\u00e9e de vie.<\/p>\n<p>Con\u00e7us pour l<strong>\u2018entra\u00eenement, le sparring, combat ou le travail sur sac de frappe<\/strong>\u00a0ces gants de boxe sont fabriqu\u00e9s en cuir synth\u00e9tique de qualit\u00e9 pour augmenter leur durabilit\u00e9.<br \/>\nCon\u00e7us avec une forme anatomique incurv\u00e9e, les gants de boxe offrent une grande polyvalence et garantissent une bonne technique de frappe.<\/p>\n<p>Les\u00a0<strong>Gants de Boxe Elite MB FIT<\/strong>\u00a0sont des gants rembourr\u00e9s que les boxeurs portent pour prot\u00e9ger leurs mains contre les<strong>\u00a0frappes lourdes<\/strong>\u00a0sur les sacs de frappe. Le\u00a0<strong>velcro\u00a0<\/strong>agit quant \u00e0 lui comme une deuxi\u00e8me enveloppe qui ajoute plus de stabilit\u00e9 au poignet.<\/p>\n<p>Les gants de boxe Elite 8oZ sont disponibles en diff\u00e9rentes couleurs et diff\u00e9rents motifs pour vous aider \u00e0 exprimer votre style personnel et \u00e0 vous d\u00e9marquer de la foule.<\/p>\n<h4>Ne vous contentez pas de gants de boxe de qualit\u00e9 inf\u00e9rieure. Investissez dans les Elite 8oZ de MB FIT et faites passer votre entra\u00eenement au niveau sup\u00e9rieur d\u00e8s aujourd\u2019hui !<\/h4>\n","protected":false},"excerpt":{"rendered":"<p>\u00c0 la\u00a0<strong>salle de sport<\/strong>\u00a0ou sur<strong>\u00a0le ring<\/strong>, les\u00a0<strong>gants de boxe Elite de MB FIT<\/strong>\u00a0sont id\u00e9ales pour vos\u00a0<strong>entrainements<\/strong>\u00a0et le\u00a0<strong>sparring<\/strong>.<br \/>\nCe gant est id\u00e9al pour les pratiquants de boxe et de boxe fitness.<\/p>\n<p><strong>Couleur :<\/strong>\u00a0Blanc (logo MB FIT en noir)<br \/>\n<strong>Produit inclus :<\/strong>\u00a01 paire de Gants de boxe (Blanc) \u2013 Elite 8oZ \u2013 MB FIT<\/p>\n","protected":false},"featured_media":1619,"comment_status":"open","ping_status":"closed","template":"","meta":[],"product_cat":[272],"product_tag":[],"class_list":{"0":"post-1616","1":"product","2":"type-product","3":"status-publish","4":"has-post-thumbnail","6":"product_cat-gants-de-boxe","8":"first","9":"instock","10":"shipping-taxable","11":"purchasable","12":"product-type-variable"},"_links":{"self":[{"href":"https:\/\/store.mb-fit.pro\/index.php?rest_route=\/wp\/v2\/product\/1616","targetHints":{"allow":["GET"]}}],"collection":[{"href":"https:\/\/store.mb-fit.pro\/index.php?rest_route=\/wp\/v2\/product"}],"about":[{"href":"https:\/\/store.mb-fit.pro\/index.php?rest_route=\/wp\/v2\/types\/product"}],"replies":[{"embeddable":true,"href":"https:\/\/store.mb-fit.pro\/index.php?rest_route=%2Fwp%2Fv2%2Fcomments&post=1616"}],"version-history":[{"count":1,"href":"https:\/\/store.mb-fit.pro\/index.php?rest_route=\/wp\/v2\/product\/1616\/revisions"}],"predecessor-version":[{"id":1620,"href":"https:\/\/store.mb-fit.pro\/index.php?rest_route=\/wp\/v2\/product\/1616\/revisions\/1620"}],"wp:featuredmedia":[{"embeddable":true,"href":"https:\/\/store.mb-fit.pro\/index.php?rest_route=\/wp\/v2\/media\/1619"}],"wp:attachment":[{"href":"https:\/\/store.mb-fit.pro\/index.php?rest_route=%2Fwp%2Fv2%2Fmedia&parent=1616"}],"wp:term":[{"taxonomy":"product_cat","embeddable":true,"href":"https:\/\/store.mb-fit.pro\/index.php?rest_route=%2Fwp%2Fv2%2Fproduct_cat&post=1616"},{"taxonomy":"product_tag","embeddable":true,"href":"https:\/\/store.mb-fit.pro\/index.php?rest_route=%2Fwp%2Fv2%2Fproduct_tag&post=1616"}],"curies":[{"name":"wp","href":"https:\/\/api.w.org\/{rel}","templated":true}]}}