{"id":1539,"date":"2023-06-09T22:01:57","date_gmt":"2023-06-09T21:01:57","guid":{"rendered":"https:\/\/store.mb-fit.pro\/?post_type=product&#038;p=1539"},"modified":"2024-08-10T09:17:26","modified_gmt":"2024-08-10T08:17:26","slug":"sandales-a-coussinets-chaussons-claquettes-orthopediques-tatanes","status":"publish","type":"product","link":"https:\/\/store.mb-fit.pro\/?product=sandales-a-coussinets-chaussons-claquettes-orthopediques-tatanes","title":{"rendered":"Sandales \u00e0 coussinets \u2013 Chaussons \/ Claquettes Orthop\u00e9diques \/ Tatanes"},"content":{"rendered":"<h3>Vous en avez assez de porter des chaussures inconfortables qui vous font mal aux pieds ? Vous voulez une paire de sandales qui soit \u00e0 la fois \u00e9l\u00e9gante et pratique ?<\/h3>\n<h3>Ne cherchez pas plus loin que les Sandales \u00e0 coussinets \u2013 Chaussons \/Claquettes\u00a0Orthop\u00e9diques\/Tatanes !<\/h3>\n<p>Ces sandales sont con\u00e7ues dans un<strong>\u00a0souci de confort<\/strong>. Les semelles coussin\u00e9es sont faites d\u2019un mat\u00e9riau doux, semblable \u00e0 un oreiller, qui vous donnera<strong>\u00a0l\u2019impression de marcher sur des nuages<\/strong>. Les lani\u00e8res sont fabriqu\u00e9es en tissu respirant, assurant un maintien s\u00fbr et confortable tout au long de la journ\u00e9e.<\/p>\n<p>Non seulement ces sandales sont confortables, mais elles sont \u00e9galement polyvalentes. Leur design \u00e0 la fois simple et chic les rend parfaites pour toutes les occasions, que vous soyez \u00e0 la maison ou en d\u00e9placement.<\/p>\n<p>Mais ne vous contentez pas de nous croire sur parole. Les clients s\u2019extasient sur le confort et le style de ces sandales, affirmant qu\u2019elles sont la combinaison parfaite de la mode et de l\u2019agr\u00e9able.<\/p>\n<p>Alors pourquoi attendre ?<\/p>\n<h4>Offrez \u00e0 vos pieds une paire de Sandales \u00e0 coussinets \u2013 Chaussons\/Claquettes\/Tatanes d\u00e8s aujourd\u2019hui et faites l\u2019exp\u00e9rience du confort et du style ultimes.<\/h4>\n<p>Vous ne serez pas d\u00e9\u00e7u !<\/p>\n<h3>\u00c0 propos de nos Sandales \u00e0 coussinets \u2013 Chaussons\/Claquettes\/Tatanes<\/h3>\n<ul>\n<li><strong>DOUX COMME UN NUAGE<\/strong>\u00a0: R\u00e9volutionnaire, con\u00e7u pour choyer vos pieds avec un excellent soutien et un confort ultime.<\/li>\n<li><strong>REL\u00c2CHER LA TENSION<\/strong>\u00a0: R\u00e9duit consid\u00e9rablement la pression apr\u00e8s une et les douleurs de vos pieds. Relaxant et sans contrainte.<\/li>\n<li><strong>DESIGN ERGONOMIQUE<\/strong>\u00a0: Design en forme de bateau l\u00e9g\u00e8rement incurv\u00e9 avec un angle d\u2019ajustement de 15\u00b0 pour \u00e9quilibrer les points de pression pour un port relaxant et sans contrainte.<\/li>\n<li><strong>EXTRA-\u00c9PAIS<\/strong>\u00a0: Effet d\u2019amortissement et de soutien, m\u00eame pour les personnes en surpoids.<\/li>\n<li><strong>ANTID\u00c9RAPANT<\/strong>\u00a0: La forte friction des semelles assure une fonction antid\u00e9rapante, imperm\u00e9able et durable.<\/li>\n<li><strong>USAGE G\u00c9N\u00c9RAL<\/strong>\u00a0: Id\u00e9al pour les personnes souffrant de douleurs aux pieds et d\u2019autres sympt\u00f4mes m\u00e9dicaux, ou pour toute personne \u00e0 la maison ou en direction de la plage !<\/li>\n<\/ul>\n","protected":false},"excerpt":{"rendered":"<p id=\"title\" class=\"a-size-large a-spacing-none\"><strong>Sandales \u00e0 coussinets \u2013 Chaussons \/ Claquettes Orthop\u00e9diques \/ Tatanes,<\/strong>\u00a0chaussons de maison ultra-doux, antid\u00e9rapants, tatane style crocs, chaussures de plage \u00e0 semelle \u00e9paisse pour femmes et hommes<\/p>\n<p>D\u00e9couvrez les Sandales con\u00e7ues pour soulager et soutenir vos pieds. Leur semelle de 4 cm apaise et pr\u00e9vient les courbatures li\u00e9es au fait d\u2019\u00eatre debout toute la journ\u00e9e.<\/p>\n<p>Que vous soyez \u00e0 la maison ou en direction de la plage, offrez d\u00e9sormais un confort et un amorti ultra-doux \u00e0 vos pieds avec style !<\/p>\n","protected":false},"featured_media":1540,"comment_status":"open","ping_status":"closed","template":"","meta":[],"product_cat":[230,235,226,227,233],"product_tag":[],"class_list":{"0":"post-1539","1":"product","2":"type-product","3":"status-publish","4":"has-post-thumbnail","6":"product_cat-chaussures-pour-femmes","7":"product_cat-chaussures-pour-hommes","8":"product_cat-vetements-de-sport","9":"product_cat-vetements-pour-femmes","10":"product_cat-vetements-pour-hommes","12":"first","13":"instock","14":"shipping-taxable","15":"purchasable","16":"product-type-variable"},"_links":{"self":[{"href":"https:\/\/store.mb-fit.pro\/index.php?rest_route=\/wp\/v2\/product\/1539","targetHints":{"allow":["GET"]}}],"collection":[{"href":"https:\/\/store.mb-fit.pro\/index.php?rest_route=\/wp\/v2\/product"}],"about":[{"href":"https:\/\/store.mb-fit.pro\/index.php?rest_route=\/wp\/v2\/types\/product"}],"replies":[{"embeddable":true,"href":"https:\/\/store.mb-fit.pro\/index.php?rest_route=%2Fwp%2Fv2%2Fcomments&post=1539"}],"version-history":[{"count":2,"href":"https:\/\/store.mb-fit.pro\/index.php?rest_route=\/wp\/v2\/product\/1539\/revisions"}],"predecessor-version":[{"id":1897,"href":"https:\/\/store.mb-fit.pro\/index.php?rest_route=\/wp\/v2\/product\/1539\/revisions\/1897"}],"wp:featuredmedia":[{"embeddable":true,"href":"https:\/\/store.mb-fit.pro\/index.php?rest_route=\/wp\/v2\/media\/1540"}],"wp:attachment":[{"href":"https:\/\/store.mb-fit.pro\/index.php?rest_route=%2Fwp%2Fv2%2Fmedia&parent=1539"}],"wp:term":[{"taxonomy":"product_cat","embeddable":true,"href":"https:\/\/store.mb-fit.pro\/index.php?rest_route=%2Fwp%2Fv2%2Fproduct_cat&post=1539"},{"taxonomy":"product_tag","embeddable":true,"href":"https:\/\/store.mb-fit.pro\/index.php?rest_route=%2Fwp%2Fv2%2Fproduct_tag&post=1539"}],"curies":[{"name":"wp","href":"https:\/\/api.w.org\/{rel}","templated":true}]}}