{"id":1506,"date":"2023-06-09T21:36:43","date_gmt":"2023-06-09T20:36:43","guid":{"rendered":"https:\/\/store.mb-fit.pro\/?post_type=product&#038;p=1506"},"modified":"2024-08-10T00:05:29","modified_gmt":"2024-08-09T23:05:29","slug":"t-shirt-de-sport-noir-maillot-mb-fit","status":"publish","type":"product","link":"https:\/\/store.mb-fit.pro\/?product=t-shirt-de-sport-noir-maillot-mb-fit","title":{"rendered":"T-Shirt de Sport (Noir) \u2013 Maillot \u2013 MB FIT"},"content":{"rendered":"<h3>Vous \u00eates \u00e0 la recherche du T-shirt de sport id\u00e9al ?<\/h3>\n<p>Ne cherchez pas plus loin que le\u00a0<strong>Maillot de sport Noir de MB Fit<\/strong>\u00a0!<\/p>\n<p>Avec sa coupe l\u00e9g\u00e8rement ample, le T-shirt de sport MB Fit offre un confort id\u00e9al pour toutes vos activit\u00e9s physiques : courir, sauter, danser, jouer au football \u2026 !<br \/>\nCe T-shirt vous gardera au sec et vous permettra de r\u00e9guler votre temp\u00e9rature pendant vos entra\u00eenements.<\/p>\n<p>Nos t-shirts de sport sont fabriqu\u00e9s avec des mat\u00e9riaux de la plus haute qualit\u00e9 afin de garantir un confort et une durabilit\u00e9 maximum. Le tissu qui \u00e9vacue l\u2019humidit\u00e9 vous gardera au frais et au sec m\u00eame pendant les s\u00e9ances d\u2019entra\u00eenement les plus difficiles, tandis que la conception ergonomique permet une amplitude de mouvement compl\u00e8te.<\/p>\n<p>De plus, avec un choix de tailles et de couleurs, vous pourrez trouver la coupe parfaite pour votre style personnel.<\/p>\n<h4>Achetez votre T-shirt de sport MB Fit d\u00e8s aujourd\u2019hui et d\u00e9couvrez la diff\u00e9rence par vous-m\u00eame !<\/h4>\n","protected":false},"excerpt":{"rendered":"<p>Obtenez votre propre\u00a0<strong>T-shirt de sport Blanc\u00a0<\/strong>par\u00a0<strong>MBFIT<\/strong>. Ce maillot a une coupe l\u00e9g\u00e8rement ample pour aider \u00e0 garder votre temp\u00e9rature corporelle r\u00e9gul\u00e9e. Vous allez adorer la sensation qu\u2019elle procure !<\/p>\n<p><strong>Couleur :<\/strong>\u00a0Blanc<br \/>\n<strong>Taille :<\/strong>\u00a0S \u00e0 XL<\/p>\n","protected":false},"featured_media":1528,"comment_status":"open","ping_status":"closed","template":"","meta":[],"product_cat":[227,233],"product_tag":[],"class_list":{"0":"post-1506","1":"product","2":"type-product","3":"status-publish","4":"has-post-thumbnail","6":"product_cat-vetements-pour-femmes","7":"product_cat-vetements-pour-hommes","9":"first","10":"instock","11":"shipping-taxable","12":"purchasable","13":"product-type-variable"},"_links":{"self":[{"href":"https:\/\/store.mb-fit.pro\/index.php?rest_route=\/wp\/v2\/product\/1506","targetHints":{"allow":["GET"]}}],"collection":[{"href":"https:\/\/store.mb-fit.pro\/index.php?rest_route=\/wp\/v2\/product"}],"about":[{"href":"https:\/\/store.mb-fit.pro\/index.php?rest_route=\/wp\/v2\/types\/product"}],"replies":[{"embeddable":true,"href":"https:\/\/store.mb-fit.pro\/index.php?rest_route=%2Fwp%2Fv2%2Fcomments&post=1506"}],"version-history":[{"count":2,"href":"https:\/\/store.mb-fit.pro\/index.php?rest_route=\/wp\/v2\/product\/1506\/revisions"}],"predecessor-version":[{"id":1538,"href":"https:\/\/store.mb-fit.pro\/index.php?rest_route=\/wp\/v2\/product\/1506\/revisions\/1538"}],"wp:featuredmedia":[{"embeddable":true,"href":"https:\/\/store.mb-fit.pro\/index.php?rest_route=\/wp\/v2\/media\/1528"}],"wp:attachment":[{"href":"https:\/\/store.mb-fit.pro\/index.php?rest_route=%2Fwp%2Fv2%2Fmedia&parent=1506"}],"wp:term":[{"taxonomy":"product_cat","embeddable":true,"href":"https:\/\/store.mb-fit.pro\/index.php?rest_route=%2Fwp%2Fv2%2Fproduct_cat&post=1506"},{"taxonomy":"product_tag","embeddable":true,"href":"https:\/\/store.mb-fit.pro\/index.php?rest_route=%2Fwp%2Fv2%2Fproduct_tag&post=1506"}],"curies":[{"name":"wp","href":"https:\/\/api.w.org\/{rel}","templated":true}]}}