{"id":1492,"date":"2023-06-08T23:05:12","date_gmt":"2023-06-08T22:05:12","guid":{"rendered":"https:\/\/store.mb-fit.pro\/?post_type=product&#038;p=1492"},"modified":"2023-06-09T15:36:33","modified_gmt":"2023-06-09T14:36:33","slug":"casquette-legacy-noir-mb-fit","status":"publish","type":"product","link":"https:\/\/store.mb-fit.pro\/?product=casquette-legacy-noir-mb-fit","title":{"rendered":"Casquette Legacy (Noir) \u2013 MB FIT"},"content":{"rendered":"<h3 data-offset-key=\"8bnqj-0-0\">Restez \u00e9l\u00e9gant et prot\u00e9g\u00e9 du soleil et de la pluie pendant vos entra\u00eenements avec la casquette Legacy de MB FIT !<\/h3>\n<p>Notre\u00a0<strong>casquette Legacy noire\u00a0<\/strong>par\u00a0<strong>MBFIT<\/strong>\u00a0est sp\u00e9cialement con\u00e7ue pour fournir confort et protection pendant que vous \u00eates en mouvement.<\/p>\n<p>Fait avec un tissu doux et l\u00e9ger, notre casquette est respirante et confortable \u00e0 porter, m\u00eame pendant les jours les plus chauds. Elle est \u00e9galement dot\u00e9e d\u2019un bec incurv\u00e9 et d\u2019une sangle r\u00e9glable, afin que vous puissiez trouver la coupe parfaite et garder le soleil loin de vos yeux.<\/p>\n<p>Avec sa\u00a0<strong>broderie 3D<\/strong>, la\u00a0<strong>casquette Legacy MB FIT<\/strong>\u00a0offre un haut niveau de r\u00e9sistance qui ne s\u2019use pas avec le temps. La composition du fil,\u00a0<span data-offset-key=\"28evr-0-0\">ainsi que la r\u00e9alisation de la broderie \u00e0 l\u2019aide de machines industrielles<\/span>, assure une incroyable r\u00e9sistance au lavage (lavable \u00e0 95\u00b0).<\/p>\n<h4>Obtenez le confort et la protection dont vous avez besoin pendant vos entra\u00eenements avec la Casquette Legacy MB FIT.<\/h4>\n<p>Commandez votre casquette de sport d\u00e8s aujourd\u2019hui et commencez \u00e0 vous entra\u00eener avec style !<\/p>\n","protected":false},"excerpt":{"rendered":"<p><strong>Casquette de sport MB FIT\u2019s Legacy<\/strong>\u00a0\u2013 broderie 3D, offrant une grande r\u00e9sistance !<\/p>\n<p><strong>Couleur<\/strong>\u00a0: Noir<br \/>\n<strong>Le produit comprend<\/strong>\u00a0: 1 casquette Legacy (Noir) \u2013 MB FIT<\/p>\n[table id=5 \/]\n","protected":false},"featured_media":1493,"comment_status":"open","ping_status":"closed","template":"","meta":[],"product_cat":[227,233],"product_tag":[],"class_list":{"0":"post-1492","1":"product","2":"type-product","3":"status-publish","4":"has-post-thumbnail","6":"product_cat-vetements-pour-femmes","7":"product_cat-vetements-pour-hommes","9":"first","10":"instock","11":"shipping-taxable","12":"purchasable","13":"product-type-variable"},"_links":{"self":[{"href":"https:\/\/store.mb-fit.pro\/index.php?rest_route=\/wp\/v2\/product\/1492","targetHints":{"allow":["GET"]}}],"collection":[{"href":"https:\/\/store.mb-fit.pro\/index.php?rest_route=\/wp\/v2\/product"}],"about":[{"href":"https:\/\/store.mb-fit.pro\/index.php?rest_route=\/wp\/v2\/types\/product"}],"replies":[{"embeddable":true,"href":"https:\/\/store.mb-fit.pro\/index.php?rest_route=%2Fwp%2Fv2%2Fcomments&post=1492"}],"version-history":[{"count":2,"href":"https:\/\/store.mb-fit.pro\/index.php?rest_route=\/wp\/v2\/product\/1492\/revisions"}],"predecessor-version":[{"id":1504,"href":"https:\/\/store.mb-fit.pro\/index.php?rest_route=\/wp\/v2\/product\/1492\/revisions\/1504"}],"wp:featuredmedia":[{"embeddable":true,"href":"https:\/\/store.mb-fit.pro\/index.php?rest_route=\/wp\/v2\/media\/1493"}],"wp:attachment":[{"href":"https:\/\/store.mb-fit.pro\/index.php?rest_route=%2Fwp%2Fv2%2Fmedia&parent=1492"}],"wp:term":[{"taxonomy":"product_cat","embeddable":true,"href":"https:\/\/store.mb-fit.pro\/index.php?rest_route=%2Fwp%2Fv2%2Fproduct_cat&post=1492"},{"taxonomy":"product_tag","embeddable":true,"href":"https:\/\/store.mb-fit.pro\/index.php?rest_route=%2Fwp%2Fv2%2Fproduct_tag&post=1492"}],"curies":[{"name":"wp","href":"https:\/\/api.w.org\/{rel}","templated":true}]}}