{"id":1418,"date":"2023-06-08T15:01:36","date_gmt":"2023-06-08T14:01:36","guid":{"rendered":"https:\/\/store.mb-fit.pro\/?post_type=product&#038;p=1418"},"modified":"2023-06-08T20:50:33","modified_gmt":"2023-06-08T19:50:33","slug":"lelegante-culotte-menstruelle-mb-fit","status":"publish","type":"product","link":"https:\/\/store.mb-fit.pro\/?product=lelegante-culotte-menstruelle-mb-fit","title":{"rendered":"L\u2019\u00e9l\u00e9gante \u2013 Culotte Menstruelle \u2013 MB FIT"},"content":{"rendered":"\t\t<div data-elementor-type=\"wp-post\" data-elementor-id=\"1418\" class=\"elementor elementor-1418\">\n\t\t\t\t\t\t<section class=\"elementor-section elementor-top-section elementor-element elementor-element-3c5571a3 elementor-section-boxed elementor-section-height-default elementor-section-height-default\" data-id=\"3c5571a3\" data-element_type=\"section\" data-e-type=\"section\">\n\t\t\t\t\t\t<div class=\"elementor-container elementor-column-gap-default\">\n\t\t\t\t\t<div class=\"elementor-column elementor-col-100 elementor-top-column elementor-element elementor-element-6c298fdf\" data-id=\"6c298fdf\" data-element_type=\"column\" data-e-type=\"column\">\n\t\t\t<div class=\"elementor-widget-wrap elementor-element-populated\">\n\t\t\t\t\t\t<div class=\"elementor-element elementor-element-b7cf08c elementor-widget elementor-widget-text-editor\" data-id=\"b7cf08c\" data-element_type=\"widget\" data-e-type=\"widget\" data-widget_type=\"text-editor.default\">\n\t\t\t\t<div class=\"elementor-widget-container\">\n\t\t\t\t\t\t\t\t\tD\u00e9couvrez \u201cL\u2019\u00e9l\u00e9gante\u201d \u2013 une culotte Menstruelle pouvant se porter aussi bien sous un legging qu\u2019une robe pr\u00e8s du corps.<strong>\r\n<\/strong>\r\n\r\n<strong>LA SENSATION<\/strong>\r\n\r\nLes culottes MB FIT sont douces et a\u00e9r\u00e9es si bien que vous avez l\u2019impression de porter une culotte classique. Vous pouvez les enfiler avant d\u2019aller au travail ou de vous coucher, elles prendront soin de vous.\r\nFini les protections p\u00e9riodiques irritantes et visibles sous les v\u00eatements. Nos culottes menstruelles rendent votre semaine de r\u00e8gles beaucoup plus confortable. Lavable, r\u00e9utilisable et discr\u00e8te, elles remplacent toutes les protections p\u00e9riodiques jetables.\r\n\r\nAbsorption abondante \u00e9quivalente \u00e0 8-10 heures de protection ou \u00e0 3-4 tampons.\r\nUtilisation de jour comme de nuit pour tous types de flux, sans fuite ni odeur.\r\nCouvre l\u2019avant et l\u2019arri\u00e8re pour un r\u00e9sultat anti-fuite.\r\nUne protection ultra-absorbante, ultra-fine et lavable pour une dur\u00e9e de vie d\u2019au moins 3 ans.\r\nEmp\u00eache les taches sur vos v\u00eatements et vos draps.\r\nFabriqu\u00e9 avec un tissu tr\u00e8s agr\u00e9able au toucher et une taille \u00e9lastiqu\u00e9e.\r\nSon design et sa finesse vous donneront l\u2019impression de porter une culotte que vous utilisez tous les jours.\r\n\r\nVous pouvez porter la culotte seule certains jours de vos r\u00e8gles, en plus d\u2019autres protections ou vous pouvez la porter tous les jours et toutes les nuits de vos r\u00e8gles.\r\n<strong>Pour des raisons d\u2019hygi\u00e8ne, le produit ne peut \u00eatre retourn\u00e9 apr\u00e8s l\u2019achat.<\/strong>\r\n<ul>\r\n \t<li><strong>COMPOSITION<\/strong>\r\n<ul>\r\n \t<li>Corps : 88% nylon, 12% elastane<\/li>\r\n \t<li>Doublure : 95% cotton, 5% elastane<\/li>\r\n \t<li>Milieu : 85% polyester, 15% elastane<\/li>\r\n \t<li>Respirant<\/li>\r\n<\/ul>\r\n<strong>RECOMMANDATION DE LAVAGE<\/strong>\r\n\r\n<strong>S\u00e9chage express :<\/strong>\u00a0La culotte menstruelle MB FIT s\u00e8che rapidement pour vous accompagner tout au long de vos r\u00e8gles, de vos fuites urinaires et post partum .\r\n<strong>Rincer \u00e0 l\u2019eau froide apr\u00e8s utilisation :<\/strong>\u00a0Pas besoin de faire tremper la culotte, il suffit de la passer sous l\u2019eau froide jusqu\u2019\u00e0 que l\u2019eau soit claire.\r\n<strong>Lavage en machine \u00e0 froid :<\/strong>\u00a0Maximum 40\u2009\u00b0C et de pr\u00e9f\u00e9rence mettre la culotte dans un sac de lavage. Il n\u2019y a aucun probl\u00e8me si vous lavez vos culottes avec d\u2019autres v\u00eatements.\r\n<strong>Pas d\u2019adoucissant ni de d\u00e9tachant :<\/strong>\u00a0Ces produits saturent et d\u00e9composent les fibres naturelles du tissu absorbant.\r\n<strong>Laisser s\u00e9cher au soleil ou \u00e0 l\u2019air libre :<\/strong>\u00a0\u00c9vitez le s\u00e8che-linge ou utilisez-le avec un r\u00e9glage de linge d\u00e9licat. Ne pas repasser.<\/li>\r\n<\/ul>\t\t\t\t\t\t\t\t<\/div>\n\t\t\t\t<\/div>\n\t\t\t\t\t<\/div>\n\t\t<\/div>\n\t\t\t\t\t<\/div>\n\t\t<\/section>\n\t\t\t\t<\/div>\n\t\t","protected":false},"excerpt":{"rendered":"<div class=\"woocommerce-product-details__short-description\">\n<h4 class=\"promo-title\"><strong>LOT DE 3 : \u00e9conomisez 4,99\u20ac par culottes menstruelles<\/strong><\/h4>\n<p><em>Tous mod\u00e8les et tailles confondues, soit 14.97\u20ac d\u2019\u00e9conomie !<\/em><\/p>\n<p>Soyez \u00e0 l\u2019aise pendant vos r\u00e8gles.<br \/>\nFini avec le stress de la tache, cette culotte peut absorber l\u2019\u00e9quivalent de 3 \u00e0 4 tampons.<br \/>\nCulotte Menstruelle MB FIT con\u00e7ue pour\u00a0<strong>tout type de flux<\/strong>, m\u00eame tr\u00e8s abondants.<br \/>\nLes culottes ne donnent pas un effet couche.<\/p>\n<p>Pochette de transport offerte !!<\/p>\n<\/div>\n","protected":false},"featured_media":1428,"comment_status":"open","ping_status":"closed","template":"","meta":[],"product_cat":[231],"product_tag":[],"class_list":{"0":"post-1418","1":"product","2":"type-product","3":"status-publish","4":"has-post-thumbnail","6":"product_cat-culottes-menstruelles","8":"first","9":"instock","10":"sale","11":"shipping-taxable","12":"purchasable","13":"product-type-simple"},"_links":{"self":[{"href":"https:\/\/store.mb-fit.pro\/index.php?rest_route=\/wp\/v2\/product\/1418","targetHints":{"allow":["GET"]}}],"collection":[{"href":"https:\/\/store.mb-fit.pro\/index.php?rest_route=\/wp\/v2\/product"}],"about":[{"href":"https:\/\/store.mb-fit.pro\/index.php?rest_route=\/wp\/v2\/types\/product"}],"replies":[{"embeddable":true,"href":"https:\/\/store.mb-fit.pro\/index.php?rest_route=%2Fwp%2Fv2%2Fcomments&post=1418"}],"version-history":[{"count":10,"href":"https:\/\/store.mb-fit.pro\/index.php?rest_route=\/wp\/v2\/product\/1418\/revisions"}],"predecessor-version":[{"id":1441,"href":"https:\/\/store.mb-fit.pro\/index.php?rest_route=\/wp\/v2\/product\/1418\/revisions\/1441"}],"wp:featuredmedia":[{"embeddable":true,"href":"https:\/\/store.mb-fit.pro\/index.php?rest_route=\/wp\/v2\/media\/1428"}],"wp:attachment":[{"href":"https:\/\/store.mb-fit.pro\/index.php?rest_route=%2Fwp%2Fv2%2Fmedia&parent=1418"}],"wp:term":[{"taxonomy":"product_cat","embeddable":true,"href":"https:\/\/store.mb-fit.pro\/index.php?rest_route=%2Fwp%2Fv2%2Fproduct_cat&post=1418"},{"taxonomy":"product_tag","embeddable":true,"href":"https:\/\/store.mb-fit.pro\/index.php?rest_route=%2Fwp%2Fv2%2Fproduct_tag&post=1418"}],"curies":[{"name":"wp","href":"https:\/\/api.w.org\/{rel}","templated":true}]}}