{"id":1329,"date":"2023-06-04T14:46:10","date_gmt":"2023-06-04T13:46:10","guid":{"rendered":"https:\/\/store.mb-fit.pro\/?post_type=product&#038;p=1329"},"modified":"2023-06-04T14:47:52","modified_gmt":"2023-06-04T13:47:52","slug":"roue-abdominale-ab-fit","status":"publish","type":"product","link":"https:\/\/store.mb-fit.pro\/?product=roue-abdominale-ab-fit","title":{"rendered":"Roue abdominale \u2013 AB FIT"},"content":{"rendered":"","protected":false},"excerpt":{"rendered":"<p>Un \u00e9quipement efficace pour l\u2019entra\u00eenement de vos abdominaux !<\/p>\n<p>La\u00a0<strong>roue Abdomina<\/strong>l (AB FIT) est\u00a0<strong>facile \u00e0 installer<\/strong>\u00a0et offre :\u00a0<strong>une grande efficacit\u00e9 pour l\u2019entra\u00eenement des abdominaux et de votre force<\/strong>.<\/p>\n<p>Vous en avez assez des grosses machines, des bancs, des barres de musculation, des halt\u00e8res et autres \u00e9quipements d\u2019entra\u00eenement lourds ? Gr\u00e2ce \u00e0 son design compact, vous pouvez emmener la roue Abdominal AB FIT partout o\u00f9 vous allez pour vous entra\u00eener : \u00e0 la maison, au bureau, \u00e0 la salle de sport ou en plein air.<\/p>\n","protected":false},"featured_media":1330,"comment_status":"open","ping_status":"closed","template":"","meta":[],"product_cat":[237],"product_tag":[],"class_list":{"0":"post-1329","1":"product","2":"type-product","3":"status-publish","4":"has-post-thumbnail","6":"product_cat-musculation-fitness","8":"first","9":"instock","10":"sale","11":"shipping-taxable","12":"purchasable","13":"product-type-simple"},"_links":{"self":[{"href":"https:\/\/store.mb-fit.pro\/index.php?rest_route=\/wp\/v2\/product\/1329","targetHints":{"allow":["GET"]}}],"collection":[{"href":"https:\/\/store.mb-fit.pro\/index.php?rest_route=\/wp\/v2\/product"}],"about":[{"href":"https:\/\/store.mb-fit.pro\/index.php?rest_route=\/wp\/v2\/types\/product"}],"replies":[{"embeddable":true,"href":"https:\/\/store.mb-fit.pro\/index.php?rest_route=%2Fwp%2Fv2%2Fcomments&post=1329"}],"version-history":[{"count":1,"href":"https:\/\/store.mb-fit.pro\/index.php?rest_route=\/wp\/v2\/product\/1329\/revisions"}],"predecessor-version":[{"id":1333,"href":"https:\/\/store.mb-fit.pro\/index.php?rest_route=\/wp\/v2\/product\/1329\/revisions\/1333"}],"wp:featuredmedia":[{"embeddable":true,"href":"https:\/\/store.mb-fit.pro\/index.php?rest_route=\/wp\/v2\/media\/1330"}],"wp:attachment":[{"href":"https:\/\/store.mb-fit.pro\/index.php?rest_route=%2Fwp%2Fv2%2Fmedia&parent=1329"}],"wp:term":[{"taxonomy":"product_cat","embeddable":true,"href":"https:\/\/store.mb-fit.pro\/index.php?rest_route=%2Fwp%2Fv2%2Fproduct_cat&post=1329"},{"taxonomy":"product_tag","embeddable":true,"href":"https:\/\/store.mb-fit.pro\/index.php?rest_route=%2Fwp%2Fv2%2Fproduct_tag&post=1329"}],"curies":[{"name":"wp","href":"https:\/\/api.w.org\/{rel}","templated":true}]}}