{"id":1245,"date":"2023-06-02T22:57:33","date_gmt":"2023-06-02T21:57:33","guid":{"rendered":"https:\/\/store.mb-fit.pro\/?post_type=product&#038;p=1245"},"modified":"2024-07-09T23:16:49","modified_gmt":"2024-07-09T22:16:49","slug":"chaussures-de-sport-noir-rose-the-original-mb-fit","status":"publish","type":"product","link":"https:\/\/store.mb-fit.pro\/?product=chaussures-de-sport-noir-rose-the-original-mb-fit","title":{"rendered":"Chaussures de sport (Noir &#038; Rose) \u2013 The original \u2013 MB FIT"},"content":{"rendered":"<p>&nbsp;<\/p>\n<h3>Vous cherchez la paire de chaussure de sport parfaite pour la salle de sport ?<\/h3>\n<p>Ne cherchez pas plus loin que\u00a0<strong>The Original (Noir &amp; Rose) de MB FIT<\/strong>\u00a0! Nos chaussures sont con\u00e7ues pour les athl\u00e8tes, offrant une combinaison de style, de confort et de performance.<\/p>\n<p>La l\u00e9g\u00e8ret\u00e9 et la respirabilit\u00e9 de la toile vous permettent de garder vos pieds au frais et \u00e0 l\u2019aise m\u00eame pendant les s\u00e9ances d\u2019entra\u00eenement les plus intenses, tandis que la semelle offre un excellent amorti et une bonne traction. La conception ergonomique permet une gamme compl\u00e8te de mouvements, ce qui rend ces chaussures parfaites pour tout ce qui est halt\u00e9rophilie et cardio (elles ne sont pas faites pour courir plusieurs kilom\u00e8tres en dehors de la salle de sport).<\/p>\n<p>Mais ce n\u2019est pas seulement une question de fonctionnalit\u00e9 \u2013 les chaussures de sport The Original ont \u00e9galement un design \u00e9l\u00e9gant et raffin\u00e9 qui vous permettra d\u2019\u00eatre au top de votre forme \u00e0 la salle de sport. Avec un choix de tailles et de couleurs, vous \u00eates s\u00fbr de trouver la paire parfaite pour votre style personnel.<\/p>\n<h4>Alors pourquoi attendre ? Am\u00e9liorez vos chaussures de sport avec The Original de MB FIT et faites passer vos performances sportives au niveau sup\u00e9rieur !<\/h4>\n","protected":false},"excerpt":{"rendered":"<p>Les chaussures de sport MB FIT sont id\u00e9ales pour aller \u00e0 la salle de sport avec style.<\/p>\n<p>Couleur : Chaussures noires (logo MB FIT en rose)<br \/>\nProduit inclus : 1 paire de Chaussures de sport (Noir &amp; Rose) \u2013 The original \u2013 MB FIT<\/p>\n[table id=18 \/]\n","protected":false},"featured_media":1271,"comment_status":"open","ping_status":"closed","template":"","meta":[],"product_cat":[230,235,226,227,233],"product_tag":[],"class_list":{"0":"post-1245","1":"product","2":"type-product","3":"status-publish","4":"has-post-thumbnail","6":"product_cat-chaussures-pour-femmes","7":"product_cat-chaussures-pour-hommes","8":"product_cat-vetements-de-sport","9":"product_cat-vetements-pour-femmes","10":"product_cat-vetements-pour-hommes","12":"first","13":"instock","14":"shipping-taxable","15":"purchasable","16":"product-type-variable"},"_links":{"self":[{"href":"https:\/\/store.mb-fit.pro\/index.php?rest_route=\/wp\/v2\/product\/1245","targetHints":{"allow":["GET"]}}],"collection":[{"href":"https:\/\/store.mb-fit.pro\/index.php?rest_route=\/wp\/v2\/product"}],"about":[{"href":"https:\/\/store.mb-fit.pro\/index.php?rest_route=\/wp\/v2\/types\/product"}],"replies":[{"embeddable":true,"href":"https:\/\/store.mb-fit.pro\/index.php?rest_route=%2Fwp%2Fv2%2Fcomments&post=1245"}],"version-history":[{"count":4,"href":"https:\/\/store.mb-fit.pro\/index.php?rest_route=\/wp\/v2\/product\/1245\/revisions"}],"predecessor-version":[{"id":1723,"href":"https:\/\/store.mb-fit.pro\/index.php?rest_route=\/wp\/v2\/product\/1245\/revisions\/1723"}],"wp:featuredmedia":[{"embeddable":true,"href":"https:\/\/store.mb-fit.pro\/index.php?rest_route=\/wp\/v2\/media\/1271"}],"wp:attachment":[{"href":"https:\/\/store.mb-fit.pro\/index.php?rest_route=%2Fwp%2Fv2%2Fmedia&parent=1245"}],"wp:term":[{"taxonomy":"product_cat","embeddable":true,"href":"https:\/\/store.mb-fit.pro\/index.php?rest_route=%2Fwp%2Fv2%2Fproduct_cat&post=1245"},{"taxonomy":"product_tag","embeddable":true,"href":"https:\/\/store.mb-fit.pro\/index.php?rest_route=%2Fwp%2Fv2%2Fproduct_tag&post=1245"}],"curies":[{"name":"wp","href":"https:\/\/api.w.org\/{rel}","templated":true}]}}